{"id":333,"date":"2026-04-14T09:29:52","date_gmt":"2026-04-14T09:29:52","guid":{"rendered":"https:\/\/eps-automation.com\/?page_id=333"},"modified":"2026-04-15T06:32:49","modified_gmt":"2026-04-15T06:32:49","slug":"automation-made-in-ostfriesland-2","status":"publish","type":"page","link":"https:\/\/eps-automation.com\/gb\/","title":{"rendered":"Automation &#8211; Made in Ostfriesland"},"content":{"rendered":"\t\t<div data-elementor-type=\"wp-page\" data-elementor-id=\"333\" class=\"elementor elementor-333\">\n\t\t\t\t<div class=\"elementor-element elementor-element-c4146c6 e-grid e-con-full e-con e-parent\" data-id=\"c4146c6\" data-element_type=\"container\" data-e-type=\"container\">\n\t\t\t\t<div class=\"elementor-element elementor-element-d2c07bd elementor-widget elementor-widget-image\" data-id=\"d2c07bd\" data-element_type=\"widget\" data-e-type=\"widget\" data-widget_type=\"image.default\">\n\t\t\t\t\t\t\t\t\t\t\t\t\t\t\t<img fetchpriority=\"high\" decoding=\"async\" width=\"640\" height=\"481\" src=\"https:\/\/eps-automation.com\/wp-content\/uploads\/2026\/01\/challenge-7233340_1920-768x577.png\" class=\"attachment-medium_large size-medium_large wp-image-304\" alt=\"\" srcset=\"https:\/\/eps-automation.com\/wp-content\/uploads\/2026\/01\/challenge-7233340_1920-768x577.png 768w, https:\/\/eps-automation.com\/wp-content\/uploads\/2026\/01\/challenge-7233340_1920-300x225.png 300w, https:\/\/eps-automation.com\/wp-content\/uploads\/2026\/01\/challenge-7233340_1920-1024x769.png 1024w, https:\/\/eps-automation.com\/wp-content\/uploads\/2026\/01\/challenge-7233340_1920-1536x1154.png 1536w, https:\/\/eps-automation.com\/wp-content\/uploads\/2026\/01\/challenge-7233340_1920.png 1920w\" sizes=\"(max-width: 640px) 100vw, 640px\" \/>\t\t\t\t\t\t\t\t\t\t\t\t\t\t\t<\/div>\n\t\t\t\t<div class=\"elementor-element elementor-element-f5751ec elementor-widget elementor-widget-text-editor\" data-id=\"f5751ec\" data-element_type=\"widget\" data-e-type=\"widget\" data-widget_type=\"text-editor.default\">\n\t\t\t\t\t\t\t\t\t<p>Seit \u00fcber <strong>35 Jahren<\/strong> sind wir, EPS- Elektro Steenblock GmbH, weltweit in der Automatisierungsbranche t\u00e4tig.<\/p><p>Gemeinsam mit unserem Team aus erfahrenen Ingenieuren realisieren wir <strong>weltweit<\/strong> Projekte.<\/p>\t\t\t\t\t\t\t\t<\/div>\n\t\t\t\t<\/div>\n\t\t<div class=\"elementor-element elementor-element-c86afb4 e-flex e-con-boxed e-con e-parent\" data-id=\"c86afb4\" data-element_type=\"container\" data-e-type=\"container\">\n\t\t\t\t\t<div class=\"e-con-inner\">\n\t\t\t\t<div class=\"elementor-element elementor-element-f553afb elementor-align-justify elementor-widget elementor-widget-button\" data-id=\"f553afb\" data-element_type=\"widget\" data-e-type=\"widget\" data-widget_type=\"button.default\">\n\t\t\t\t\t\t\t\t\t\t<a class=\"elementor-button elementor-button-link elementor-size-sm\" href=\"https:\/\/eps-automation.com\/projekte\">\n\t\t\t\t\t\t<span class=\"elementor-button-content-wrapper\">\n\t\t\t\t\t\t<span class=\"elementor-button-icon\">\n\t\t\t\t<svg aria-hidden=\"true\" class=\"e-font-icon-svg e-fas-project-diagram\" viewBox=\"0 0 640 512\" xmlns=\"http:\/\/www.w3.org\/2000\/svg\"><path d=\"M384 320H256c-17.67 0-32 14.33-32 32v128c0 17.67 14.33 32 32 32h128c17.67 0 32-14.33 32-32V352c0-17.67-14.33-32-32-32zM192 32c0-17.67-14.33-32-32-32H32C14.33 0 0 14.33 0 32v128c0 17.67 14.33 32 32 32h95.72l73.16 128.04C211.98 300.98 232.4 288 256 288h.28L192 175.51V128h224V64H192V32zM608 0H480c-17.67 0-32 14.33-32 32v128c0 17.67 14.33 32 32 32h128c17.67 0 32-14.33 32-32V32c0-17.67-14.33-32-32-32z\"><\/path><\/svg>\t\t\t<\/span>\n\t\t\t\t\t\t\t\t\t<span class=\"elementor-button-text\">Erfahre mehr<\/span>\n\t\t\t\t\t<\/span>\n\t\t\t\t\t<\/a>\n\t\t\t\t\t\t\t\t<\/div>\n\t\t\t\t\t<\/div>\n\t\t\t\t<\/div>\n\t\t<div class=\"elementor-element elementor-element-b218c40 e-grid e-con-full e-con e-parent\" data-id=\"b218c40\" data-element_type=\"container\" data-e-type=\"container\">\n\t\t\t\t<div class=\"elementor-element elementor-element-fb4df0a elementor-widget elementor-widget-text-editor\" data-id=\"fb4df0a\" data-element_type=\"widget\" data-e-type=\"widget\" data-widget_type=\"text-editor.default\">\n\t\t\t\t\t\t\t\t\t<p>Da sich die Welt st\u00e4ndig weiterentwickelt, m\u00fcssen auch wir uns weiterentwickeln. <br \/>Dazu geh\u00f6ren nicht nur Weiterbildungen f\u00fcr unsere Mitarbeiter im Bereich SPS-Technik, sondern ab 2026 auch im Bereich Robotik. Dadurch erweitern wir unsere Expertise im Bereich der Roboter der Marken <strong>KUKA<\/strong>, <strong>ABB<\/strong> und <strong>Fanuc<\/strong>.<\/p>\t\t\t\t\t\t\t\t<\/div>\n\t\t\t\t<div class=\"elementor-element elementor-element-6ec3ee0 elementor-widget elementor-widget-image\" data-id=\"6ec3ee0\" data-element_type=\"widget\" data-e-type=\"widget\" data-widget_type=\"image.default\">\n\t\t\t\t\t\t\t\t\t\t\t\t\t\t\t<img decoding=\"async\" width=\"640\" height=\"427\" src=\"https:\/\/eps-automation.com\/wp-content\/uploads\/2026\/01\/robot-2791671-1-1024x683.jpg\" class=\"attachment-large size-large wp-image-316\" alt=\"\" srcset=\"https:\/\/eps-automation.com\/wp-content\/uploads\/2026\/01\/robot-2791671-1-1024x683.jpg 1024w, https:\/\/eps-automation.com\/wp-content\/uploads\/2026\/01\/robot-2791671-1-300x200.jpg 300w, https:\/\/eps-automation.com\/wp-content\/uploads\/2026\/01\/robot-2791671-1-768x512.jpg 768w, https:\/\/eps-automation.com\/wp-content\/uploads\/2026\/01\/robot-2791671-1-1536x1024.jpg 1536w, https:\/\/eps-automation.com\/wp-content\/uploads\/2026\/01\/robot-2791671-1-2048x1365.jpg 2048w\" sizes=\"(max-width: 640px) 100vw, 640px\" \/>\t\t\t\t\t\t\t\t\t\t\t\t\t\t\t<\/div>\n\t\t\t\t<\/div>\n\t\t<div class=\"elementor-element elementor-element-2d16f1f e-flex e-con-boxed e-con e-parent\" data-id=\"2d16f1f\" data-element_type=\"container\" data-e-type=\"container\">\n\t\t\t\t\t<div class=\"e-con-inner\">\n\t\t\t\t<div class=\"elementor-element elementor-element-7ccebda elementor-widget-divider--view-line elementor-widget elementor-widget-divider\" data-id=\"7ccebda\" data-element_type=\"widget\" data-e-type=\"widget\" data-widget_type=\"divider.default\">\n\t\t\t\t\t\t\t<div class=\"elementor-divider\">\n\t\t\t<span class=\"elementor-divider-separator\">\n\t\t\t\t\t\t<\/span>\n\t\t<\/div>\n\t\t\t\t\t\t<\/div>\n\t\t\t\t\t<\/div>\n\t\t\t\t<\/div>\n\t\t<div class=\"elementor-element elementor-element-5980567 e-flex e-con-boxed e-con e-parent\" data-id=\"5980567\" data-element_type=\"container\" data-e-type=\"container\">\n\t\t\t\t\t<div class=\"e-con-inner\">\n\t\t\t\t<div class=\"elementor-element elementor-element-59d5630 elementor-widget elementor-widget-counter\" data-id=\"59d5630\" data-element_type=\"widget\" data-e-type=\"widget\" data-widget_type=\"counter.default\">\n\t\t\t\t\t\t\t<div class=\"elementor-counter\">\n\t\t\t<div class=\"elementor-counter-title\">Jahre Erfahrung<\/div>\t\t\t<div class=\"elementor-counter-number-wrapper\">\n\t\t\t\t<span class=\"elementor-counter-number-prefix\"><\/span>\n\t\t\t\t<span class=\"elementor-counter-number\" data-duration=\"5000\" data-to-value=\"36\" data-from-value=\"0\">0<\/span>\n\t\t\t\t<span class=\"elementor-counter-number-suffix\"><\/span>\n\t\t\t<\/div>\n\t\t<\/div>\n\t\t\t\t\t\t<\/div>\n\t\t\t\t<div class=\"elementor-element elementor-element-2a07321 elementor-widget elementor-widget-counter\" data-id=\"2a07321\" data-element_type=\"widget\" data-e-type=\"widget\" data-widget_type=\"counter.default\">\n\t\t\t\t\t\t\t<div class=\"elementor-counter\">\n\t\t\t<div class=\"elementor-counter-title\">erfahrene Mitarbeiter<\/div>\t\t\t<div class=\"elementor-counter-number-wrapper\">\n\t\t\t\t<span class=\"elementor-counter-number-prefix\"><\/span>\n\t\t\t\t<span class=\"elementor-counter-number\" data-duration=\"5000\" data-to-value=\"11\" data-from-value=\"0\" data-delimiter=\",\">0<\/span>\n\t\t\t\t<span class=\"elementor-counter-number-suffix\"><\/span>\n\t\t\t<\/div>\n\t\t<\/div>\n\t\t\t\t\t\t<\/div>\n\t\t\t\t\t<\/div>\n\t\t\t\t<\/div>\n\t\t<div class=\"elementor-element elementor-element-b910cbf e-flex e-con-boxed e-con e-parent\" data-id=\"b910cbf\" data-element_type=\"container\" data-e-type=\"container\">\n\t\t\t\t\t<div class=\"e-con-inner\">\n\t\t\t\t<div class=\"elementor-element elementor-element-0f53de7 elementor-widget-divider--view-line elementor-widget elementor-widget-divider\" data-id=\"0f53de7\" data-element_type=\"widget\" data-e-type=\"widget\" data-widget_type=\"divider.default\">\n\t\t\t\t\t\t\t<div class=\"elementor-divider\">\n\t\t\t<span class=\"elementor-divider-separator\">\n\t\t\t\t\t\t<\/span>\n\t\t<\/div>\n\t\t\t\t\t\t<\/div>\n\t\t\t\t\t<\/div>\n\t\t\t\t<\/div>\n\t\t<div class=\"elementor-element elementor-element-cfc7d5d e-flex e-con-boxed e-con e-parent\" data-id=\"cfc7d5d\" data-element_type=\"container\" data-e-type=\"container\">\n\t\t\t\t\t<div class=\"e-con-inner\">\n\t\t\t\t<div class=\"elementor-element elementor-element-af68645 elementor-widget elementor-widget-counter\" data-id=\"af68645\" data-element_type=\"widget\" data-e-type=\"widget\" data-widget_type=\"counter.default\">\n\t\t\t\t\t\t\t<div class=\"elementor-counter\">\n\t\t\t<div class=\"elementor-counter-title\"> erfolgreiche Projekte<\/div>\t\t\t<div class=\"elementor-counter-number-wrapper\">\n\t\t\t\t<span class=\"elementor-counter-number-prefix\">Mehr als <\/span>\n\t\t\t\t<span class=\"elementor-counter-number\" data-duration=\"5000\" data-to-value=\"200\" data-from-value=\"0\">0<\/span>\n\t\t\t\t<span class=\"elementor-counter-number-suffix\"><\/span>\n\t\t\t<\/div>\n\t\t<\/div>\n\t\t\t\t\t\t<\/div>\n\t\t\t\t\t<\/div>\n\t\t\t\t<\/div>\n\t\t<div class=\"elementor-element elementor-element-d752696 e-flex e-con-boxed e-con e-parent\" data-id=\"d752696\" data-element_type=\"container\" data-e-type=\"container\">\n\t\t\t\t\t<div class=\"e-con-inner\">\n\t\t\t\t<div class=\"elementor-element elementor-element-44da4ee elementor-widget-divider--view-line elementor-widget elementor-widget-divider\" data-id=\"44da4ee\" data-element_type=\"widget\" data-e-type=\"widget\" data-widget_type=\"divider.default\">\n\t\t\t\t\t\t\t<div class=\"elementor-divider\">\n\t\t\t<span class=\"elementor-divider-separator\">\n\t\t\t\t\t\t<\/span>\n\t\t<\/div>\n\t\t\t\t\t\t<\/div>\n\t\t\t\t\t<\/div>\n\t\t\t\t<\/div>\n\t\t<div class=\"elementor-element elementor-element-61465e7 e-flex e-con-boxed e-con e-parent\" data-id=\"61465e7\" data-element_type=\"container\" data-e-type=\"container\">\n\t\t\t\t\t<div class=\"e-con-inner\">\n\t\t\t\t<div class=\"elementor-element elementor-element-8d69a12 elementor-widget elementor-widget-google_maps\" data-id=\"8d69a12\" data-element_type=\"widget\" data-e-type=\"widget\" data-widget_type=\"google_maps.default\">\n\t\t\t\t\t\t\t<div class=\"elementor-custom-embed\">\n\t\t\t<iframe loading=\"lazy\"\n\t\t\t\t\tsrc=\"https:\/\/maps.google.com\/maps?q=Industriestra%C3%9Fe%2010%2C%2026639%20wiesmoor&#038;t=m&#038;z=10&#038;output=embed&#038;iwloc=near\"\n\t\t\t\t\ttitle=\"Industriestra\u00dfe 10, 26639 wiesmoor\"\n\t\t\t\t\taria-label=\"Industriestra\u00dfe 10, 26639 wiesmoor\"\n\t\t\t><\/iframe>\n\t\t<\/div>\n\t\t\t\t\t\t<\/div>\n\t\t\t\t\t<\/div>\n\t\t\t\t<\/div>\n\t\t\t\t<\/div>\n\t\t","protected":false},"excerpt":{"rendered":"<p>Seit \u00fcber 35 Jahren sind wir, EPS- Elektro Steenblock GmbH, weltweit in der Automatisierungsbranche t\u00e4tig. Gemeinsam mit unserem Team aus erfahrenen Ingenieuren realisieren wir weltweit Projekte. Erfahre mehr Da sich die Welt st\u00e4ndig weiterentwickelt, m\u00fcssen auch wir uns weiterentwickeln. Dazu geh\u00f6ren nicht nur Weiterbildungen f\u00fcr unsere Mitarbeiter im Bereich SPS-Technik, sondern ab 2026 auch im&#8230;<\/p>\n","protected":false},"author":1,"featured_media":0,"parent":0,"menu_order":0,"comment_status":"closed","ping_status":"closed","template":"","meta":{"footnotes":""},"class_list":["post-333","page","type-page","status-publish","hentry"],"translation":{"provider":"WPGlobus","version":"3.0.2","language":"gb","enabled_languages":["de","gb"],"languages":{"de":{"title":true,"content":true,"excerpt":false},"gb":{"title":false,"content":false,"excerpt":false}}},"_links":{"self":[{"href":"https:\/\/eps-automation.com\/gb\/wp-json\/wp\/v2\/pages\/333","targetHints":{"allow":["GET"]}}],"collection":[{"href":"https:\/\/eps-automation.com\/gb\/wp-json\/wp\/v2\/pages"}],"about":[{"href":"https:\/\/eps-automation.com\/gb\/wp-json\/wp\/v2\/types\/page"}],"author":[{"embeddable":true,"href":"https:\/\/eps-automation.com\/gb\/wp-json\/wp\/v2\/users\/1"}],"replies":[{"embeddable":true,"href":"https:\/\/eps-automation.com\/gb\/wp-json\/wp\/v2\/comments?post=333"}],"version-history":[{"count":6,"href":"https:\/\/eps-automation.com\/gb\/wp-json\/wp\/v2\/pages\/333\/revisions"}],"predecessor-version":[{"id":436,"href":"https:\/\/eps-automation.com\/gb\/wp-json\/wp\/v2\/pages\/333\/revisions\/436"}],"wp:attachment":[{"href":"https:\/\/eps-automation.com\/gb\/wp-json\/wp\/v2\/media?parent=333"}],"curies":[{"name":"wp","href":"https:\/\/api.w.org\/{rel}","templated":true}]}}